{"id":3885,"date":"2020-10-29T16:08:16","date_gmt":"2020-10-29T15:08:16","guid":{"rendered":"https:\/\/www.arcataimagen.com\/contact-us\/"},"modified":"2025-10-06T11:40:14","modified_gmt":"2025-10-06T09:40:14","slug":"contact-us","status":"publish","type":"page","link":"https:\/\/www.arcataimagen.com\/en\/contact-us\/","title":{"rendered":"CONTACT US"},"content":{"rendered":"\t\t<div data-elementor-type=\"wp-page\" data-elementor-id=\"3885\" class=\"elementor elementor-3885 elementor-101\">\n\t\t\t\t\t\t<section class=\"elementor-section elementor-top-section elementor-element elementor-element-6418ec2 elementor-section-boxed elementor-section-height-default elementor-section-height-default\" data-id=\"6418ec2\" data-element_type=\"section\">\n\t\t\t\t\t\t<div class=\"elementor-container elementor-column-gap-default\">\n\t\t\t\t\t<div class=\"elementor-column elementor-col-100 elementor-top-column elementor-element elementor-element-60558b1\" data-id=\"60558b1\" data-element_type=\"column\">\n\t\t\t<div class=\"elementor-widget-wrap elementor-element-populated\">\n\t\t\t\t\t\t<div class=\"elementor-element elementor-element-a9b047e elementor-widget elementor-widget-heading\" data-id=\"a9b047e\" data-element_type=\"widget\" data-widget_type=\"heading.default\">\n\t\t\t\t<div class=\"elementor-widget-container\">\n\t\t\t\t\t<h2 class=\"elementor-heading-title elementor-size-default\">CONTACT US!<\/h2>\t\t\t\t<\/div>\n\t\t\t\t<\/div>\n\t\t\t\t\t<\/div>\n\t\t<\/div>\n\t\t\t\t\t<\/div>\n\t\t<\/section>\n\t\t\t\t<section class=\"elementor-section elementor-top-section elementor-element elementor-element-9781aba elementor-section-boxed elementor-section-height-default elementor-section-height-default\" data-id=\"9781aba\" data-element_type=\"section\">\n\t\t\t\t\t\t<div class=\"elementor-container elementor-column-gap-default\">\n\t\t\t\t\t<div class=\"elementor-column elementor-col-50 elementor-top-column elementor-element elementor-element-4779fa4\" data-id=\"4779fa4\" data-element_type=\"column\">\n\t\t\t<div class=\"elementor-widget-wrap elementor-element-populated\">\n\t\t\t\t\t\t<div class=\"elementor-element elementor-element-0b5810f elementor-widget elementor-widget-text-editor\" data-id=\"0b5810f\" data-element_type=\"widget\" data-widget_type=\"text-editor.default\">\n\t\t\t\t<div class=\"elementor-widget-container\">\n\t\t\t\t\t\t\t\t\t<p>\n<div class=\"wpcf7 no-js\" id=\"wpcf7-f47-o1\" lang=\"es-ES\" dir=\"ltr\" data-wpcf7-id=\"47\">\n<div class=\"screen-reader-response\"><p role=\"status\" aria-live=\"polite\" aria-atomic=\"true\"><\/p> <ul><\/ul><\/div>\n<form action=\"\/en\/wp-json\/wp\/v2\/pages\/3885#wpcf7-f47-o1\" method=\"post\" class=\"wpcf7-form init\" aria-label=\"Formulario de contacto\" novalidate=\"novalidate\" data-status=\"init\">\n<fieldset class=\"hidden-fields-container\"><input type=\"hidden\" name=\"_wpcf7\" value=\"47\" \/><input type=\"hidden\" name=\"_wpcf7_version\" value=\"6.1.2\" \/><input type=\"hidden\" name=\"_wpcf7_locale\" value=\"es_ES\" \/><input type=\"hidden\" name=\"_wpcf7_unit_tag\" value=\"wpcf7-f47-o1\" \/><input type=\"hidden\" name=\"_wpcf7_container_post\" value=\"0\" \/><input type=\"hidden\" name=\"_wpcf7_posted_data_hash\" value=\"\" \/>\n<\/fieldset>\n<p><label> Tu nombre<br \/>\n<span class=\"wpcf7-form-control-wrap\" data-name=\"your-name\"><input size=\"40\" maxlength=\"400\" class=\"wpcf7-form-control wpcf7-text wpcf7-validates-as-required\" aria-required=\"true\" aria-invalid=\"false\" value=\"\" type=\"text\" name=\"your-name\" \/><\/span> <\/label>\n<\/p>\n<p><label> Correo electr\u00f3nico<br \/>\n<span class=\"wpcf7-form-control-wrap\" data-name=\"your-email\"><input size=\"40\" maxlength=\"400\" class=\"wpcf7-form-control wpcf7-email wpcf7-validates-as-required wpcf7-text wpcf7-validates-as-email\" aria-required=\"true\" aria-invalid=\"false\" value=\"\" type=\"email\" name=\"your-email\" \/><\/span> <\/label>\n<\/p>\n<p><label> Asunto<br \/>\n<span class=\"wpcf7-form-control-wrap\" data-name=\"your-subject\"><input size=\"40\" maxlength=\"400\" class=\"wpcf7-form-control wpcf7-text wpcf7-validates-as-required\" aria-required=\"true\" aria-invalid=\"false\" value=\"\" type=\"text\" name=\"your-subject\" \/><\/span> <\/label>\n<\/p>\n<p><label> Cu\u00e9ntanos<br \/>\n<span class=\"wpcf7-form-control-wrap\" data-name=\"your-message\"><textarea cols=\"40\" rows=\"10\" maxlength=\"2000\" class=\"wpcf7-form-control wpcf7-textarea\" aria-invalid=\"false\" name=\"your-message\"><\/textarea><\/span> <\/label>\n<\/p>\n<p><input class=\"wpcf7-form-control wpcf7-submit has-spinner\" type=\"submit\" value=\"Enviar\" \/>\n<\/p><div class=\"wpcf7-response-output\" aria-hidden=\"true\"><\/div>\n<\/form>\n<\/div>\n<\/p>\t\t\t\t\t\t\t\t<\/div>\n\t\t\t\t<\/div>\n\t\t\t\t\t<\/div>\n\t\t<\/div>\n\t\t\t\t<div class=\"elementor-column elementor-col-50 elementor-top-column elementor-element elementor-element-08793b7\" data-id=\"08793b7\" data-element_type=\"column\">\n\t\t\t<div class=\"elementor-widget-wrap elementor-element-populated\">\n\t\t\t\t\t\t<div class=\"elementor-element elementor-element-81ab496 elementor-widget elementor-widget-text-editor\" data-id=\"81ab496\" data-element_type=\"widget\" data-widget_type=\"text-editor.default\">\n\t\t\t\t<div class=\"elementor-widget-container\">\n\t\t\t\t\t\t\t\t\t<p style=\"text-align: center;\"><strong> <\/strong><\/p><p style=\"text-align: center;\"><strong> <\/strong><\/p><p style=\"text-align: center;\"><strong> <\/strong><\/p><p style=\"text-align: center;\"><strong>General information<\/strong><\/p><p style=\"text-align: center;\">info@arcataimagen.com<\/p><p style=\"text-align: center;\"><strong>Food, product, advertising, event and wedding photography:<\/strong><\/p><p style=\"text-align: center;\">alex@arcataimagen.com<\/p><p style=\"text-align: center;\">667 81 81 46<\/p><p> <\/p>\t\t\t\t\t\t\t\t<\/div>\n\t\t\t\t<\/div>\n\t\t\t\t\t<\/div>\n\t\t<\/div>\n\t\t\t\t\t<\/div>\n\t\t<\/section>\n\t\t\t\t<section class=\"elementor-section elementor-top-section elementor-element elementor-element-56b254a elementor-section-boxed elementor-section-height-default elementor-section-height-default\" data-id=\"56b254a\" data-element_type=\"section\">\n\t\t\t\t\t\t<div class=\"elementor-container elementor-column-gap-default\">\n\t\t\t\t\t<div class=\"elementor-column elementor-col-100 elementor-top-column elementor-element elementor-element-c28b5c8\" data-id=\"c28b5c8\" data-element_type=\"column\">\n\t\t\t<div class=\"elementor-widget-wrap elementor-element-populated\">\n\t\t\t\t\t\t<div class=\"elementor-element elementor-element-3262271 elementor-align-right elementor-widget elementor-widget-button\" data-id=\"3262271\" data-element_type=\"widget\" data-widget_type=\"button.default\">\n\t\t\t\t<div class=\"elementor-widget-container\">\n\t\t\t\t\t\t\t\t\t<div class=\"elementor-button-wrapper\">\n\t\t\t\t\t<a class=\"elementor-button elementor-button-link elementor-size-sm\" href=\"\">\n\t\t\t\t\t\t<span class=\"elementor-button-content-wrapper\">\n\t\t\t\t\t\t<span class=\"elementor-button-icon\">\n\t\t\t\t<i aria-hidden=\"true\" class=\"far fa-arrow-alt-circle-up\"><\/i>\t\t\t<\/span>\n\t\t\t\t\t\t\t\t<\/span>\n\t\t\t\t\t<\/a>\n\t\t\t\t<\/div>\n\t\t\t\t\t\t\t\t<\/div>\n\t\t\t\t<\/div>\n\t\t\t\t\t<\/div>\n\t\t<\/div>\n\t\t\t\t\t<\/div>\n\t\t<\/section>\n\t\t\t\t<\/div>\n\t\t","protected":false},"excerpt":{"rendered":"<p>CONTACT US! General information info@arcataimagen.com Food, product, advertising, event and wedding photography: alex@arcataimagen.com 667 81 81 46<\/p>\n","protected":false},"author":1,"featured_media":0,"parent":0,"menu_order":5,"comment_status":"closed","ping_status":"closed","template":"","meta":{"footnotes":""},"class_list":["post-3885","page","type-page","status-publish","hentry"],"yoast_head":"<!-- This site is optimized with the Yoast SEO plugin v26.0 - https:\/\/yoast.com\/wordpress\/plugins\/seo\/ -->\n<title>CONTACT US<\/title>\n<meta name=\"description\" content=\"Our Team - Contact Us - Food Photography in London - Aerial Video - Aerial Photography - Corporate\" \/>\n<meta name=\"robots\" content=\"index, follow, max-snippet:-1, max-image-preview:large, max-video-preview:-1\" \/>\n<link rel=\"canonical\" href=\"https:\/\/www.arcataimagen.com\/en\/contact-us\/\" \/>\n<meta property=\"og:locale\" content=\"en_US\" \/>\n<meta property=\"og:type\" content=\"article\" \/>\n<meta property=\"og:title\" content=\"CONTACT US\" \/>\n<meta property=\"og:description\" content=\"Our Team - Contact Us - Food Photography in London - Aerial Video - Aerial Photography - Corporate\" \/>\n<meta property=\"og:url\" content=\"https:\/\/www.arcataimagen.com\/en\/contact-us\/\" \/>\n<meta property=\"og:site_name\" content=\"ARCATA IMAGEN\" \/>\n<meta property=\"article:modified_time\" content=\"2025-10-06T09:40:14+00:00\" \/>\n<meta name=\"twitter:card\" content=\"summary_large_image\" \/>\n<script type=\"application\/ld+json\" class=\"yoast-schema-graph\">{\"@context\":\"https:\/\/schema.org\",\"@graph\":[{\"@type\":\"WebPage\",\"@id\":\"https:\/\/www.arcataimagen.com\/en\/contact-us\/\",\"url\":\"https:\/\/www.arcataimagen.com\/en\/contact-us\/\",\"name\":\"CONTACT US\",\"isPartOf\":{\"@id\":\"https:\/\/www.arcataimagen.com\/#website\"},\"datePublished\":\"2020-10-29T15:08:16+00:00\",\"dateModified\":\"2025-10-06T09:40:14+00:00\",\"description\":\"Our Team - Contact Us - Food Photography in London - Aerial Video - Aerial Photography - Corporate\",\"breadcrumb\":{\"@id\":\"https:\/\/www.arcataimagen.com\/en\/contact-us\/#breadcrumb\"},\"inLanguage\":\"en-US\",\"potentialAction\":[{\"@type\":\"ReadAction\",\"target\":[\"https:\/\/www.arcataimagen.com\/en\/contact-us\/\"]}]},{\"@type\":\"BreadcrumbList\",\"@id\":\"https:\/\/www.arcataimagen.com\/en\/contact-us\/#breadcrumb\",\"itemListElement\":[{\"@type\":\"ListItem\",\"position\":1,\"name\":\"Portada\",\"item\":\"https:\/\/www.arcataimagen.com\/en\/estudio-fotografia-video-coruna\/\"},{\"@type\":\"ListItem\",\"position\":2,\"name\":\"CONTACT US\"}]},{\"@type\":\"WebSite\",\"@id\":\"https:\/\/www.arcataimagen.com\/#website\",\"url\":\"https:\/\/www.arcataimagen.com\/\",\"name\":\"ARCATA IMAGEN\",\"description\":\"Fot\u00f3grafo gastron\u00f3mico - La Coru\u00f1a\",\"publisher\":{\"@id\":\"https:\/\/www.arcataimagen.com\/#organization\"},\"potentialAction\":[{\"@type\":\"SearchAction\",\"target\":{\"@type\":\"EntryPoint\",\"urlTemplate\":\"https:\/\/www.arcataimagen.com\/?s={search_term_string}\"},\"query-input\":{\"@type\":\"PropertyValueSpecification\",\"valueRequired\":true,\"valueName\":\"search_term_string\"}}],\"inLanguage\":\"en-US\"},{\"@type\":\"Organization\",\"@id\":\"https:\/\/www.arcataimagen.com\/#organization\",\"name\":\"Arcata Imagen Estudio de Fotograf\u00eda\",\"url\":\"https:\/\/www.arcataimagen.com\/\",\"logo\":{\"@type\":\"ImageObject\",\"inLanguage\":\"en-US\",\"@id\":\"https:\/\/www.arcataimagen.com\/#\/schema\/logo\/image\/\",\"url\":\"https:\/\/www.arcataimagen.com\/wp-content\/uploads\/2021\/01\/cropped-log-bn-ext.png\",\"contentUrl\":\"https:\/\/www.arcataimagen.com\/wp-content\/uploads\/2021\/01\/cropped-log-bn-ext.png\",\"width\":512,\"height\":512,\"caption\":\"Arcata Imagen Estudio de Fotograf\u00eda\"},\"image\":{\"@id\":\"https:\/\/www.arcataimagen.com\/#\/schema\/logo\/image\/\"},\"sameAs\":[\"https:\/\/www.instagram.com\/arcataimagen\/\"]}]}<\/script>\n<!-- \/ Yoast SEO plugin. -->","yoast_head_json":{"title":"CONTACT US","description":"Our Team - Contact Us - Food Photography in London - Aerial Video - Aerial Photography - Corporate","robots":{"index":"index","follow":"follow","max-snippet":"max-snippet:-1","max-image-preview":"max-image-preview:large","max-video-preview":"max-video-preview:-1"},"canonical":"https:\/\/www.arcataimagen.com\/en\/contact-us\/","og_locale":"en_US","og_type":"article","og_title":"CONTACT US","og_description":"Our Team - Contact Us - Food Photography in London - Aerial Video - Aerial Photography - Corporate","og_url":"https:\/\/www.arcataimagen.com\/en\/contact-us\/","og_site_name":"ARCATA IMAGEN","article_modified_time":"2025-10-06T09:40:14+00:00","twitter_card":"summary_large_image","schema":{"@context":"https:\/\/schema.org","@graph":[{"@type":"WebPage","@id":"https:\/\/www.arcataimagen.com\/en\/contact-us\/","url":"https:\/\/www.arcataimagen.com\/en\/contact-us\/","name":"CONTACT US","isPartOf":{"@id":"https:\/\/www.arcataimagen.com\/#website"},"datePublished":"2020-10-29T15:08:16+00:00","dateModified":"2025-10-06T09:40:14+00:00","description":"Our Team - Contact Us - Food Photography in London - Aerial Video - Aerial Photography - Corporate","breadcrumb":{"@id":"https:\/\/www.arcataimagen.com\/en\/contact-us\/#breadcrumb"},"inLanguage":"en-US","potentialAction":[{"@type":"ReadAction","target":["https:\/\/www.arcataimagen.com\/en\/contact-us\/"]}]},{"@type":"BreadcrumbList","@id":"https:\/\/www.arcataimagen.com\/en\/contact-us\/#breadcrumb","itemListElement":[{"@type":"ListItem","position":1,"name":"Portada","item":"https:\/\/www.arcataimagen.com\/en\/estudio-fotografia-video-coruna\/"},{"@type":"ListItem","position":2,"name":"CONTACT US"}]},{"@type":"WebSite","@id":"https:\/\/www.arcataimagen.com\/#website","url":"https:\/\/www.arcataimagen.com\/","name":"ARCATA IMAGEN","description":"Fot\u00f3grafo gastron\u00f3mico - La Coru\u00f1a","publisher":{"@id":"https:\/\/www.arcataimagen.com\/#organization"},"potentialAction":[{"@type":"SearchAction","target":{"@type":"EntryPoint","urlTemplate":"https:\/\/www.arcataimagen.com\/?s={search_term_string}"},"query-input":{"@type":"PropertyValueSpecification","valueRequired":true,"valueName":"search_term_string"}}],"inLanguage":"en-US"},{"@type":"Organization","@id":"https:\/\/www.arcataimagen.com\/#organization","name":"Arcata Imagen Estudio de Fotograf\u00eda","url":"https:\/\/www.arcataimagen.com\/","logo":{"@type":"ImageObject","inLanguage":"en-US","@id":"https:\/\/www.arcataimagen.com\/#\/schema\/logo\/image\/","url":"https:\/\/www.arcataimagen.com\/wp-content\/uploads\/2021\/01\/cropped-log-bn-ext.png","contentUrl":"https:\/\/www.arcataimagen.com\/wp-content\/uploads\/2021\/01\/cropped-log-bn-ext.png","width":512,"height":512,"caption":"Arcata Imagen Estudio de Fotograf\u00eda"},"image":{"@id":"https:\/\/www.arcataimagen.com\/#\/schema\/logo\/image\/"},"sameAs":["https:\/\/www.instagram.com\/arcataimagen\/"]}]}},"_links":{"self":[{"href":"https:\/\/www.arcataimagen.com\/en\/wp-json\/wp\/v2\/pages\/3885","targetHints":{"allow":["GET"]}}],"collection":[{"href":"https:\/\/www.arcataimagen.com\/en\/wp-json\/wp\/v2\/pages"}],"about":[{"href":"https:\/\/www.arcataimagen.com\/en\/wp-json\/wp\/v2\/types\/page"}],"author":[{"embeddable":true,"href":"https:\/\/www.arcataimagen.com\/en\/wp-json\/wp\/v2\/users\/1"}],"replies":[{"embeddable":true,"href":"https:\/\/www.arcataimagen.com\/en\/wp-json\/wp\/v2\/comments?post=3885"}],"version-history":[{"count":3,"href":"https:\/\/www.arcataimagen.com\/en\/wp-json\/wp\/v2\/pages\/3885\/revisions"}],"predecessor-version":[{"id":3912,"href":"https:\/\/www.arcataimagen.com\/en\/wp-json\/wp\/v2\/pages\/3885\/revisions\/3912"}],"wp:attachment":[{"href":"https:\/\/www.arcataimagen.com\/en\/wp-json\/wp\/v2\/media?parent=3885"}],"curies":[{"name":"wp","href":"https:\/\/api.w.org\/{rel}","templated":true}]}}